{"id":1348,"date":"2018-05-28T13:17:31","date_gmt":"2018-05-28T11:17:31","guid":{"rendered":"https:\/\/www.annette-oschmann.de\/about-me\/"},"modified":"2020-05-11T12:28:59","modified_gmt":"2020-05-11T10:28:59","slug":"about-me","status":"publish","type":"page","link":"https:\/\/www.annette-oschmann.de\/en\/about-me\/","title":{"rendered":"About me"},"content":{"rendered":"<p>[et_pb_section fb_built=&rdquo;1&Prime; fullwidth=&rdquo;on&rdquo; _builder_version=&rdquo;3.22&Prime;][et_pb_fullwidth_image src=&rdquo;https:\/\/www.annette-oschmann.de\/wp-content\/uploads\/2018\/04\/Annette_Oschmann_109.jpg&rdquo; alt=&rdquo;Dr. Annette Oschmann &ndash; Mediatorin &amp; zertifizierte Coach f&uuml;r <a class=\"glossaryLink\"  href=\"https:\/\/www.annette-oschmann.de\/en\/glossar\/conscious-uncoupling\/\"  data-mobile-support=\"0\"  data-gt-translate-attributes='[{\"attribute\":\"data-cmtooltip\", \"format\":\"html\"}]' tabindex='0' role='link'>Conscious Uncoupling<\/a> &rdquo; title_text=&rdquo;Dr. Annette Oschmann &ndash; Mediatorin &amp; zertifizierte Coach f&uuml;r Conscious Uncoupling &rdquo; admin_label=&rdquo;Foto 109&Prime; _builder_version=&rdquo;3.2.1&Prime;][\/et_pb_fullwidth_image][\/et_pb_section][et_pb_section fb_built=&rdquo;1&Prime; _builder_version=&rdquo;3.22&Prime; background_image=&rdquo;https:\/\/www.annette-oschmann.de\/wp-content\/uploads\/2018\/04\/Hintergrund_15.jpg&rdquo; background_position=&rdquo;bottom_center&rdquo; border_width_top=&rdquo;5px&rdquo; border_color_top=&rdquo;#7d9d92&Prime;][et_pb_row _builder_version=&rdquo;3.25&Prime; width_unit=&rdquo;off&rdquo; custom_width_percent=&rdquo;70%&rdquo;][et_pb_column type=&rdquo;4_4&Prime; _builder_version=&rdquo;3.25&Prime; custom_padding=&rdquo;|||&rdquo; custom_padding__hover=&rdquo;|||&rdquo;][et_pb_text admin_label=&rdquo;WAS SOLLTEN SIE &Uuml;BER MICH WISSEN?&rdquo; _builder_version=&rdquo;3.27.4&Prime; header_text_color=&rdquo;#9f3259&Prime;]<\/p>\n<h1>What should you know about me?<\/h1>\n<p>[\/et_pb_text][et_pb_divider divider_position=&#x201D;center&#x201D; _builder_version=&#x201D;3.0.106&#x2033; max_width=&#x201D;30%&#x201D; module_alignment=&#x201D;left&#x201D; height=&#x201D;0px&#x201D; saved_tabs=&#x201D;all&#x201D;][\/et_pb_divider][et_pb_text admin_label=&#x201D;Text WAS SOLLTEN SIE &#xDC;BER MICH WISSEN?&#x201D; _builder_version=&#x201D;4.4.5&#x2033; hover_enabled=&#x201D;0&#x2033;]<\/p>\n<p>I am 50 years old, married and have three sons. I am a joyful family person out of conviction. But I also know about the &#x201C;ups&#x201D; and &#x201C;downs&#x201D; in everyday life: caring and worry, joy and tears, trust and dissociation. I know family is an orbit full of color. And there are no schematic solutions.<\/p>\n<p>I like to do walking, quite often actually, to get some fresh air and energy in nature. I also enjoy reading and photographing a lot. Fresh and simple food wets my appetite.<\/p>\n<p>My circle of friends is very important to me: I enjoy appreciative and inspiring conversations in familiar relationships.<\/p>\n<p>I know what suits me and what does not, and that is exactly what I wish for you in your conflict, break-up or divorce.<\/p>\n<p>And I know that&#x2019;s possible.<\/p>\n<p>[\/et_pb_text][\/et_pb_column][\/et_pb_row][\/et_pb_section][et_pb_section fb_built=&#x201D;1&#x2033; fullwidth=&#x201D;on&#x201D; _builder_version=&#x201D;3.22&#x2033;][et_pb_fullwidth_image src=&#x201D;https:\/\/www.annette-oschmann.de\/wp-content\/uploads\/2018\/04\/Annette_Oschmann_144.jpg&#x201D; alt=&#x201D;Dr. Annette Oschmann &#x2013; Mediatorin und Conscious Uncoupling Coach&#x201D; title_text=&#x201D;Dr. Annette Oschmann &#x2013; Mediatorin und Conscious Uncoupling Coach&#x201D; admin_label=&#x201D;Foto 144&#x2033; _builder_version=&#x201D;3.2.1&#x2033;][\/et_pb_fullwidth_image][\/et_pb_section][et_pb_section fb_built=&#x201D;1&#x2033; _builder_version=&#x201D;3.22&#x2033; background_image=&#x201D;https:\/\/www.annette-oschmann.de\/wp-content\/uploads\/2018\/04\/Hintergrund_15.jpg&#x201D; background_position=&#x201D;bottom_center&#x201D; border_width_top=&#x201D;5px&#x201D; border_color_top=&#x201D;#7d9d92&#x2033;][et_pb_row _builder_version=&#x201D;3.25&#x2033; width_unit=&#x201D;off&#x201D; custom_width_percent=&#x201D;70%&#x201D;][et_pb_column type=&#x201D;4_4&#x2033; _builder_version=&#x201D;3.25&#x2033; custom_padding=&#x201D;|||&#x201D; custom_padding__hover=&#x201D;|||&#x201D;][et_pb_text admin_label=&#x201D;MEIN HERZENSWEG&#x201D; _builder_version=&#x201D;3.27.4&#x2033;]<\/p>\n<h2>My Heart Path to becoming Mediator and Certified Coach for Conscious Uncoupling<\/h2>\n<p>[\/et_pb_text][et_pb_divider divider_position=&rdquo;center&rdquo; _builder_version=&rdquo;3.0.106&Prime; max_width=&rdquo;30%&rdquo; module_alignment=&rdquo;left&rdquo; height=&rdquo;0px&rdquo; saved_tabs=&rdquo;all&rdquo;][\/et_pb_divider][et_pb_text admin_label=&rdquo;Text MEIN HERZENSWEG&rdquo; _builder_version=&rdquo;3.27.4&Prime;]My career path is unusual, but doesn&rsquo;t that hold true for the heart&rsquo;s ways ? I have been working as a lawyer for twenty years. This is a piece of brain work I do not want to miss. Structure and focus are qualities that are enormously important for me also in mediation and <a class=\"glossaryLink\"  href=\"https:\/\/www.annette-oschmann.de\/en\/glossar\/individual-coaching\/\"  data-mobile-support=\"0\"  data-gt-translate-attributes='[{\"attribute\":\"data-cmtooltip\", \"format\":\"html\"}]' tabindex='0' role='link'>individual coaching<\/a>.<br>\n[\/et_pb_text][et_pb_divider show_divider=&#x201D;off&#x201D; admin_label=&#x201D;Weissraum&#x201D; _builder_version=&#x201D;3.0.106&#x2033; height=&#x201D;50px&#x201D;][\/et_pb_divider][et_pb_text admin_label=&#x201D;Mit Herz und Mitgef&#xFC;hl &#x201D; _builder_version=&#x201D;3.27.4&#x2033;]<\/p>\n<h2>Compassionately towards a viable future<\/h2>\n<p>[\/et_pb_text][et_pb_divider divider_position=&rdquo;center&rdquo; _builder_version=&rdquo;3.0.106&Prime; max_width=&rdquo;30%&rdquo; module_alignment=&rdquo;left&rdquo; height=&rdquo;0px&rdquo; saved_tabs=&rdquo;all&rdquo;][\/et_pb_divider][et_pb_text admin_label=&rdquo;Text Mit Herz und Mitgef&uuml;hl &rdquo; _builder_version=&rdquo;3.27.4&Prime;]However, something was missing in my legal work: emotions and compassion. That&rsquo;s why I&rsquo;ve been a <a class=\"glossaryLink\"  href=\"https:\/\/www.annette-oschmann.de\/en\/glossar\/mediator\/\"  data-mobile-support=\"0\"  data-gt-translate-attributes='[{\"attribute\":\"data-cmtooltip\", \"format\":\"html\"}]' tabindex='0' role='link'>mediator<\/a> for six years. This has opened up completely new, fulfilling possibilities for me to empower people in conflicts. I am deeply gratified by seeing how beneficial an interest-based solution in mediation is for both parties. And what is most beautiful: the deep sigh of relief when the burdens of the past are mastered together and in mediation the view moves forward into a viable future.<br>\n[\/et_pb_text][et_pb_button button_url=&#x201D;https:\/\/www.annette-oschmann.de\/en\/mediation\/&#x201D; button_text=&#x201D;Your personal way to a nerve-sparing conflict solution&#x201D; button_alignment=&#x201D;left&#x201D; admin_label=&#x201D;Button Nervenschonende Konfliktl&#xF6;sung&#x201D; _builder_version=&#x201D;3.16&#x2033; custom_margin=&#x201D;3%|||&#x201D; button_text_size__hover_enabled=&#x201D;off&#x201D; button_one_text_size__hover_enabled=&#x201D;off&#x201D; button_two_text_size__hover_enabled=&#x201D;off&#x201D; button_text_color__hover_enabled=&#x201D;off&#x201D; button_one_text_color__hover_enabled=&#x201D;off&#x201D; button_two_text_color__hover_enabled=&#x201D;off&#x201D; button_border_width__hover_enabled=&#x201D;off&#x201D; button_one_border_width__hover_enabled=&#x201D;off&#x201D; button_two_border_width__hover_enabled=&#x201D;off&#x201D; button_border_color__hover_enabled=&#x201D;off&#x201D; button_one_border_color__hover_enabled=&#x201D;off&#x201D; button_two_border_color__hover_enabled=&#x201D;off&#x201D; button_border_radius__hover_enabled=&#x201D;off&#x201D; button_one_border_radius__hover_enabled=&#x201D;off&#x201D; button_two_border_radius__hover_enabled=&#x201D;off&#x201D; button_letter_spacing__hover_enabled=&#x201D;off&#x201D; button_one_letter_spacing__hover_enabled=&#x201D;off&#x201D; button_two_letter_spacing__hover_enabled=&#x201D;off&#x201D; button_bg_color__hover_enabled=&#x201D;off&#x201D; button_one_bg_color__hover_enabled=&#x201D;off&#x201D; button_two_bg_color__hover_enabled=&#x201D;off&#x201D;][\/et_pb_button][\/et_pb_column][\/et_pb_row][\/et_pb_section][et_pb_section fb_built=&#x201D;1&#x2033; _builder_version=&#x201D;3.22&#x2033; background_image=&#x201D;https:\/\/www.annette-oschmann.de\/wp-content\/uploads\/2018\/04\/Hintergrund_14.jpg&#x201D; background_position=&#x201D;bottom_center&#x201D; top_divider_color=&#x201D;#9f3259&#x2033; border_color_all=&#x201D;#9f3259&#x2033; border_width_top=&#x201D;5px&#x201D;][et_pb_row _builder_version=&#x201D;3.25&#x2033;][et_pb_column type=&#x201D;4_4&#x2033; _builder_version=&#x201D;3.25&#x2033; custom_padding=&#x201D;|||&#x201D; custom_padding__hover=&#x201D;|||&#x201D;][et_pb_text admin_label=&#x201D;EINE TRENNUNG HEILSAM VERARBEITEN&#x201D; _builder_version=&#x201D;3.27.4&#x2033;]<\/p>\n<h2>A healing process &#x2013; From heart-break to wholeness and growth<\/h2>\n<p>[\/et_pb_text][et_pb_divider divider_position=&#x201D;center&#x201D; _builder_version=&#x201D;3.0.106&#x2033; max_width=&#x201D;30%&#x201D; module_alignment=&#x201D;left&#x201D; height=&#x201D;0px&#x201D; saved_tabs=&#x201D;all&#x201D;][\/et_pb_divider][et_pb_text admin_label=&#x201D;Text EINE TRENNUNG HEILSAM VERARBEITEN&#x201D; _builder_version=&#x201D;3.27.4&#x2033;]From my mediation practice, the question lingered on: How can I support the individual even better to cope with a break-up? Separation or divorce are shattering experiences that can affect and traumatize you as only the loss of a loved one can.<\/p>\n<p>That&rsquo;s how I discovered the Conscious Uncoupling Coaching of <a class=\"glossaryLink\"  href=\"https:\/\/www.annette-oschmann.de\/en\/glossar\/katherine-woodward-thomas\/\"  data-mobile-support=\"0\"  data-gt-translate-attributes='[{\"attribute\":\"data-cmtooltip\", \"format\":\"html\"}]' tabindex='0' role='link'>Katherine Woodward Thomas<\/a>:<\/p>\n<p>A healing process &#x2013; From heart-break to wholeness and growth!<\/p>\n<p>As a certified coach for Conscious Uncoupling, I now offer this individual coaching in Germany.<br>\nBecause your emotional well-being matters to me!<br>\n[\/et_pb_text][et_pb_button button_url=&#x201D;https:\/\/www.annette-oschmann.de\/en\/conscious-uncoupling\/&#x201D; button_text=&#x201D;Your first step for a new beginning after a separation or divorce&#x201D; button_alignment=&#x201D;left&#x201D; admin_label=&#x201D;Button CU Neuanfang&#x201D; _builder_version=&#x201D;3.16&#x2033; custom_margin=&#x201D;3%|||&#x201D; button_text_size__hover_enabled=&#x201D;off&#x201D; button_one_text_size__hover_enabled=&#x201D;off&#x201D; button_two_text_size__hover_enabled=&#x201D;off&#x201D; button_text_color__hover_enabled=&#x201D;off&#x201D; button_one_text_color__hover_enabled=&#x201D;off&#x201D; button_two_text_color__hover_enabled=&#x201D;off&#x201D; button_border_width__hover_enabled=&#x201D;off&#x201D; button_one_border_width__hover_enabled=&#x201D;off&#x201D; button_two_border_width__hover_enabled=&#x201D;off&#x201D; button_border_color__hover_enabled=&#x201D;off&#x201D; button_one_border_color__hover_enabled=&#x201D;off&#x201D; button_two_border_color__hover_enabled=&#x201D;off&#x201D; button_border_radius__hover_enabled=&#x201D;off&#x201D; button_one_border_radius__hover_enabled=&#x201D;off&#x201D; button_two_border_radius__hover_enabled=&#x201D;off&#x201D; button_letter_spacing__hover_enabled=&#x201D;off&#x201D; button_one_letter_spacing__hover_enabled=&#x201D;off&#x201D; button_two_letter_spacing__hover_enabled=&#x201D;off&#x201D; button_bg_color__hover_enabled=&#x201D;off&#x201D; button_one_bg_color__hover_enabled=&#x201D;off&#x201D; button_two_bg_color__hover_enabled=&#x201D;off&#x201D;][\/et_pb_button][\/et_pb_column][\/et_pb_row][\/et_pb_section]<\/p>\n","protected":false},"excerpt":{"rendered":"<p>What should you know about me? I am 50 years old, married and have three sons. I am a joyful family person out of conviction. But I also know about the &#8220;ups&#8221; and &#8220;downs&#8221; in everyday life: caring and worry, joy and tears, trust and dissociation. I know family is an orbit full of color. [&hellip;]<\/p>\n","protected":false},"author":4,"featured_media":0,"parent":0,"menu_order":0,"comment_status":"closed","ping_status":"closed","template":"","meta":{"_et_pb_use_builder":"on","_et_pb_old_content":"","_et_gb_content_width":"","footnotes":""},"class_list":["post-1348","page","type-page","status-publish","hentry"],"yoast_head":"<!-- This site is optimized with the Yoast SEO plugin v27.3 - https:\/\/yoast.com\/product\/yoast-seo-wordpress\/ -->\n<title>Mediatorin &amp; Coach f\u00fcr Conscious Uncoupling - Dr. Annette Oschmann<\/title>\n<meta name=\"description\" content=\"Erfahren Sie mehr \u00fcber mich und meinen Herzensweg zur Mediatorin und zertifizierten Coach f\u00fcr Conscious Uncoupling. Mein Ziel: Menschen in Konflikten und bei Trennungen st\u00e4rkend zu helfen. Finden Sie mir mir ihren pers\u00f6nlichen Weg bei Konflikten und Trennungen, bei Scheidungen und Streit.\" \/>\n<meta name=\"robots\" content=\"index, follow, max-snippet:-1, max-image-preview:large, max-video-preview:-1\" \/>\n<link rel=\"canonical\" href=\"https:\/\/www.annette-oschmann.de\/en\/about-me\/\" \/>\n<meta property=\"og:locale\" content=\"en_US\" \/>\n<meta property=\"og:type\" content=\"article\" \/>\n<meta property=\"og:title\" content=\"Mediatorin &amp; Coach f\u00fcr Conscious Uncoupling - Dr. Annette Oschmann\" \/>\n<meta property=\"og:description\" content=\"Erfahren Sie mehr \u00fcber mich und meinen Herzensweg zur Mediatorin und zertifizierten Coach f\u00fcr Conscious Uncoupling. Mein Ziel: Menschen in Konflikten und bei Trennungen st\u00e4rkend zu helfen. Finden Sie mir mir ihren pers\u00f6nlichen Weg bei Konflikten und Trennungen, bei Scheidungen und Streit.\" \/>\n<meta property=\"og:url\" content=\"https:\/\/www.annette-oschmann.de\/en\/about-me\/\" \/>\n<meta property=\"og:site_name\" content=\"Dr. Annette Oschmann\" \/>\n<meta property=\"article:modified_time\" content=\"2020-05-11T10:28:59+00:00\" \/>\n<meta property=\"og:image\" content=\"https:\/\/www.annette-oschmann.de\/wp-content\/uploads\/2021\/01\/annette-oschmann-1.png\" \/>\n\t<meta property=\"og:image:width\" content=\"1200\" \/>\n\t<meta property=\"og:image:height\" content=\"630\" \/>\n\t<meta property=\"og:image:type\" content=\"image\/png\" \/>\n<meta name=\"twitter:card\" content=\"summary_large_image\" \/>\n<meta name=\"twitter:label1\" content=\"Est. reading time\" \/>\n\t<meta name=\"twitter:data1\" content=\"6 minutes\" \/>\n<script type=\"application\/ld+json\" class=\"yoast-schema-graph\">{\"@context\":\"https:\\\/\\\/schema.org\",\"@graph\":[{\"@type\":\"WebPage\",\"@id\":\"https:\\\/\\\/www.annette-oschmann.de\\\/en\\\/about-me\\\/\",\"url\":\"https:\\\/\\\/www.annette-oschmann.de\\\/en\\\/about-me\\\/\",\"name\":\"Mediatorin & Coach f\u00fcr Conscious Uncoupling - Dr. Annette Oschmann\",\"isPartOf\":{\"@id\":\"https:\\\/\\\/www.annette-oschmann.de\\\/en\\\/#website\"},\"datePublished\":\"2018-05-28T11:17:31+00:00\",\"dateModified\":\"2020-05-11T10:28:59+00:00\",\"description\":\"Erfahren Sie mehr \u00fcber mich und meinen Herzensweg zur Mediatorin und zertifizierten Coach f\u00fcr Conscious Uncoupling. Mein Ziel: Menschen in Konflikten und bei Trennungen st\u00e4rkend zu helfen. Finden Sie mir mir ihren pers\u00f6nlichen Weg bei Konflikten und Trennungen, bei Scheidungen und Streit.\",\"breadcrumb\":{\"@id\":\"https:\\\/\\\/www.annette-oschmann.de\\\/en\\\/about-me\\\/#breadcrumb\"},\"inLanguage\":\"en-US\",\"potentialAction\":[{\"@type\":\"ReadAction\",\"target\":[\"https:\\\/\\\/www.annette-oschmann.de\\\/en\\\/about-me\\\/\"]}]},{\"@type\":\"BreadcrumbList\",\"@id\":\"https:\\\/\\\/www.annette-oschmann.de\\\/en\\\/about-me\\\/#breadcrumb\",\"itemListElement\":[{\"@type\":\"ListItem\",\"position\":1,\"name\":\"Startseite\",\"item\":\"https:\\\/\\\/www.annette-oschmann.de\\\/en\\\/\"},{\"@type\":\"ListItem\",\"position\":2,\"name\":\"About me\"}]},{\"@type\":\"WebSite\",\"@id\":\"https:\\\/\\\/www.annette-oschmann.de\\\/en\\\/#website\",\"url\":\"https:\\\/\\\/www.annette-oschmann.de\\\/en\\\/\",\"name\":\"Dr. Annette Oschmann\",\"description\":\"Mediatorin und Coach \u2013 conscious uncoupling\",\"publisher\":{\"@id\":\"https:\\\/\\\/www.annette-oschmann.de\\\/en\\\/#organization\"},\"potentialAction\":[{\"@type\":\"SearchAction\",\"target\":{\"@type\":\"EntryPoint\",\"urlTemplate\":\"https:\\\/\\\/www.annette-oschmann.de\\\/en\\\/?s={search_term_string}\"},\"query-input\":{\"@type\":\"PropertyValueSpecification\",\"valueRequired\":true,\"valueName\":\"search_term_string\"}}],\"inLanguage\":\"en-US\"},{\"@type\":\"Organization\",\"@id\":\"https:\\\/\\\/www.annette-oschmann.de\\\/en\\\/#organization\",\"name\":\"Dr. Annette Oschmann - Trennungscoach f\u00fcr Conscious Uncoupling & Mediatorin\",\"url\":\"https:\\\/\\\/www.annette-oschmann.de\\\/en\\\/\",\"logo\":{\"@type\":\"ImageObject\",\"inLanguage\":\"en-US\",\"@id\":\"https:\\\/\\\/www.annette-oschmann.de\\\/en\\\/#\\\/schema\\\/logo\\\/image\\\/\",\"url\":\"https:\\\/\\\/www.annette-oschmann.de\\\/wp-content\\\/uploads\\\/2018\\\/02\\\/Logo_Anntte_Oschmann_300px_180221.png\",\"contentUrl\":\"https:\\\/\\\/www.annette-oschmann.de\\\/wp-content\\\/uploads\\\/2018\\\/02\\\/Logo_Anntte_Oschmann_300px_180221.png\",\"width\":300,\"height\":192,\"caption\":\"Dr. Annette Oschmann - Trennungscoach f\u00fcr Conscious Uncoupling & Mediatorin\"},\"image\":{\"@id\":\"https:\\\/\\\/www.annette-oschmann.de\\\/en\\\/#\\\/schema\\\/logo\\\/image\\\/\"}}]}<\/script>\n<!-- \/ Yoast SEO plugin. -->","yoast_head_json":{"title":"Mediatorin & Coach f\u00fcr Conscious Uncoupling - Dr. Annette Oschmann","description":"Erfahren Sie mehr \u00fcber mich und meinen Herzensweg zur Mediatorin und zertifizierten Coach f\u00fcr Conscious Uncoupling. Mein Ziel: Menschen in Konflikten und bei Trennungen st\u00e4rkend zu helfen. Finden Sie mir mir ihren pers\u00f6nlichen Weg bei Konflikten und Trennungen, bei Scheidungen und Streit.","robots":{"index":"index","follow":"follow","max-snippet":"max-snippet:-1","max-image-preview":"max-image-preview:large","max-video-preview":"max-video-preview:-1"},"canonical":"https:\/\/www.annette-oschmann.de\/en\/about-me\/","og_locale":"en_US","og_type":"article","og_title":"Mediatorin & Coach f\u00fcr Conscious Uncoupling - Dr. Annette Oschmann","og_description":"Erfahren Sie mehr \u00fcber mich und meinen Herzensweg zur Mediatorin und zertifizierten Coach f\u00fcr Conscious Uncoupling. Mein Ziel: Menschen in Konflikten und bei Trennungen st\u00e4rkend zu helfen. Finden Sie mir mir ihren pers\u00f6nlichen Weg bei Konflikten und Trennungen, bei Scheidungen und Streit.","og_url":"https:\/\/www.annette-oschmann.de\/en\/about-me\/","og_site_name":"Dr. Annette Oschmann","article_modified_time":"2020-05-11T10:28:59+00:00","og_image":[{"width":1200,"height":630,"url":"https:\/\/www.annette-oschmann.de\/wp-content\/uploads\/2021\/01\/annette-oschmann-1.png","type":"image\/png"}],"twitter_card":"summary_large_image","twitter_misc":{"Est. reading time":"6 minutes"},"schema":{"@context":"https:\/\/schema.org","@graph":[{"@type":"WebPage","@id":"https:\/\/www.annette-oschmann.de\/en\/about-me\/","url":"https:\/\/www.annette-oschmann.de\/en\/about-me\/","name":"Mediatorin & Coach f\u00fcr Conscious Uncoupling - Dr. Annette Oschmann","isPartOf":{"@id":"https:\/\/www.annette-oschmann.de\/en\/#website"},"datePublished":"2018-05-28T11:17:31+00:00","dateModified":"2020-05-11T10:28:59+00:00","description":"Erfahren Sie mehr \u00fcber mich und meinen Herzensweg zur Mediatorin und zertifizierten Coach f\u00fcr Conscious Uncoupling. Mein Ziel: Menschen in Konflikten und bei Trennungen st\u00e4rkend zu helfen. Finden Sie mir mir ihren pers\u00f6nlichen Weg bei Konflikten und Trennungen, bei Scheidungen und Streit.","breadcrumb":{"@id":"https:\/\/www.annette-oschmann.de\/en\/about-me\/#breadcrumb"},"inLanguage":"en-US","potentialAction":[{"@type":"ReadAction","target":["https:\/\/www.annette-oschmann.de\/en\/about-me\/"]}]},{"@type":"BreadcrumbList","@id":"https:\/\/www.annette-oschmann.de\/en\/about-me\/#breadcrumb","itemListElement":[{"@type":"ListItem","position":1,"name":"Startseite","item":"https:\/\/www.annette-oschmann.de\/en\/"},{"@type":"ListItem","position":2,"name":"About me"}]},{"@type":"WebSite","@id":"https:\/\/www.annette-oschmann.de\/en\/#website","url":"https:\/\/www.annette-oschmann.de\/en\/","name":"Dr. Annette Oschmann","description":"Mediatorin und Coach \u2013 conscious uncoupling","publisher":{"@id":"https:\/\/www.annette-oschmann.de\/en\/#organization"},"potentialAction":[{"@type":"SearchAction","target":{"@type":"EntryPoint","urlTemplate":"https:\/\/www.annette-oschmann.de\/en\/?s={search_term_string}"},"query-input":{"@type":"PropertyValueSpecification","valueRequired":true,"valueName":"search_term_string"}}],"inLanguage":"en-US"},{"@type":"Organization","@id":"https:\/\/www.annette-oschmann.de\/en\/#organization","name":"Dr. Annette Oschmann - Trennungscoach f\u00fcr Conscious Uncoupling & Mediatorin","url":"https:\/\/www.annette-oschmann.de\/en\/","logo":{"@type":"ImageObject","inLanguage":"en-US","@id":"https:\/\/www.annette-oschmann.de\/en\/#\/schema\/logo\/image\/","url":"https:\/\/www.annette-oschmann.de\/wp-content\/uploads\/2018\/02\/Logo_Anntte_Oschmann_300px_180221.png","contentUrl":"https:\/\/www.annette-oschmann.de\/wp-content\/uploads\/2018\/02\/Logo_Anntte_Oschmann_300px_180221.png","width":300,"height":192,"caption":"Dr. Annette Oschmann - Trennungscoach f\u00fcr Conscious Uncoupling & Mediatorin"},"image":{"@id":"https:\/\/www.annette-oschmann.de\/en\/#\/schema\/logo\/image\/"}}]}},"_links":{"self":[{"href":"https:\/\/www.annette-oschmann.de\/en\/wp-json\/wp\/v2\/pages\/1348","targetHints":{"allow":["GET"]}}],"collection":[{"href":"https:\/\/www.annette-oschmann.de\/en\/wp-json\/wp\/v2\/pages"}],"about":[{"href":"https:\/\/www.annette-oschmann.de\/en\/wp-json\/wp\/v2\/types\/page"}],"author":[{"embeddable":true,"href":"https:\/\/www.annette-oschmann.de\/en\/wp-json\/wp\/v2\/users\/4"}],"replies":[{"embeddable":true,"href":"https:\/\/www.annette-oschmann.de\/en\/wp-json\/wp\/v2\/comments?post=1348"}],"version-history":[{"count":5,"href":"https:\/\/www.annette-oschmann.de\/en\/wp-json\/wp\/v2\/pages\/1348\/revisions"}],"predecessor-version":[{"id":2464,"href":"https:\/\/www.annette-oschmann.de\/en\/wp-json\/wp\/v2\/pages\/1348\/revisions\/2464"}],"wp:attachment":[{"href":"https:\/\/www.annette-oschmann.de\/en\/wp-json\/wp\/v2\/media?parent=1348"}],"curies":[{"name":"wp","href":"https:\/\/api.w.org\/{rel}","templated":true}]}}