{"id":1557,"date":"2018-05-29T07:30:19","date_gmt":"2018-05-29T05:30:19","guid":{"rendered":"https:\/\/www.annette-oschmann.de\/blog\/"},"modified":"2018-05-29T12:27:19","modified_gmt":"2018-05-29T10:27:19","slug":"blog","status":"publish","type":"page","link":"https:\/\/www.annette-oschmann.de\/en\/blog\/","title":{"rendered":"Blog"},"content":{"rendered":"<p>[et_pb_section bb_built=&#x201D;1&#x2033; fullwidth=&#x201D;on&#x201D; specialty=&#x201D;off&#x201D; next_background_color=&#x201D;#000000&#x2033; _builder_version=&#x201D;3.0.106&#x2033;][et_pb_fullwidth_image admin_label=&#x201D;Foto 109&#x2033; _builder_version=&#x201D;3.2.1&#x2033; src=&#x201D;https:\/\/www.annette-oschmann.de\/wp-content\/uploads\/2018\/04\/Annette_Oschmann_083.jpg&#x201D; alt=&#x201D;Blog rund um das Thema Trennung&#x201D; title_text=&#x201D;Blog rund um die Themen Beziehung, Trennung und Liebe&#x201D; \/][\/et_pb_section][et_pb_section bb_built=&#x201D;1&#x2033; prev_background_color=&#x201D;#000000&#x2033; _builder_version=&#x201D;3.0.106&#x2033; next_background_color=&#x201D;#000000&#x2033; border_width_top=&#x201D;5px&#x201D; border_color_top=&#x201D;#7d9d92&#x2033; background_position=&#x201D;bottom_center&#x201D;][et_pb_row _builder_version=&#x201D;3.0.102&#x2033; width_unit=&#x201D;off&#x201D; custom_width_percent=&#x201D;70%&#x201D;][et_pb_column type=&#x201D;4_4&#x2033;][et_pb_text admin_label=&#x201D;Headline Blog&#x201D; _builder_version=&#x201D;3.0.106&#x2033; background_layout=&#x201D;light&#x201D; header_text_color=&#x201D;#9f3259&#x2033;]<\/p>\n<h1>Annette&#x2019;s blog<\/h1>\n<p>[\/et_pb_text][et_pb_divider _builder_version=&#x201D;3.0.106&#x2033; show_divider=&#x201D;on&#x201D; color=&#x201D;#9f3259&#x2033; height=&#x201D;0px&#x201D; max_width=&#x201D;30%&#x201D; module_alignment=&#x201D;left&#x201D; divider_position=&#x201D;center&#x201D; saved_tabs=&#x201D;all&#x201D; global_module=&#x201D;733&#x2033; \/][et_pb_text _builder_version=&#x201D;3.0.106&#x2033; background_layout=&#x201D;light&#x201D;]<\/p>\n<h2>Welcome to my blog.<\/h2>\n<p>In this section I write about topics that play a role in and around a separation, about needs, values &#x200B;&#x200B;and feelings. It gets personal here. That&#x2019;s why I&#x2019;m on first names basis here with my readers.<\/p>\n<p>[\/et_pb_text][\/et_pb_column][\/et_pb_row][\/et_pb_section][et_pb_section bb_built=&#x201D;1&#x2033; prev_background_color=&#x201D;#000000&#x2033; _builder_version=&#x201D;3.0.106&#x2033;][et_pb_row _builder_version=&#x201D;3.0.106&#x2033; make_equal=&#x201D;on&#x201D;][et_pb_column type=&#x201D;4_4&#x2033;][et_pb_blog _builder_version=&#x201D;3.4.1&#x2033; meta_date=&#x201D;j M Y&#x201D; show_more=&#x201D;on&#x201D; show_author=&#x201D;off&#x201D; show_pagination=&#x201D;off&#x201D; fullwidth=&#x201D;off&#x201D; pagination_font_size_tablet=&#x201D;51&#x2033; pagination_line_height_tablet=&#x201D;2&#x2033; posts_number=&#x201D;48&#x2033; include_categories=&#x201D;120,121,105,110,89&#x2033; overlay_icon_color=&#x201D;#ffffff&#x201D; hover_overlay_color=&#x201D;rgba(159,50,89,0.82)&#x201D; hover_icon=&#x201D;%%28%%&#x201D; \/][\/et_pb_column][\/et_pb_row][\/et_pb_section]<\/p>\n","protected":false},"excerpt":{"rendered":"<p>Annette&#8217;s blog Welcome to my blog. In this section I write about topics that play a role in and around a separation, about needs, values \u200b\u200band feelings. It gets personal here. That&#8217;s why I&#8217;m on first names basis here with my readers.<\/p>\n","protected":false},"author":2,"featured_media":0,"parent":0,"menu_order":0,"comment_status":"closed","ping_status":"closed","template":"","meta":{"_et_pb_use_builder":"on","_et_pb_old_content":"","_et_gb_content_width":"","footnotes":""},"class_list":["post-1557","page","type-page","status-publish","hentry"],"yoast_head":"<!-- This site is optimized with the Yoast SEO plugin v27.3 - https:\/\/yoast.com\/product\/yoast-seo-wordpress\/ -->\n<title>Blog rund um das Thema Trennung - Dr. Annette Oschmann<\/title>\n<meta name=\"description\" content=\"Blog zu Themen, die in einer und rund um eine Trennung eine Rolle spielen, \u00fcber Bed\u00fcrfnisse, Werte und Gef\u00fchle. Lese Annettes Beitr\u00e4ge, die zum Nachdenken und Auftanken anregen!\" \/>\n<meta name=\"robots\" content=\"index, follow, max-snippet:-1, max-image-preview:large, max-video-preview:-1\" \/>\n<link rel=\"canonical\" href=\"https:\/\/www.annette-oschmann.de\/en\/blog\/\" \/>\n<meta property=\"og:locale\" content=\"en_US\" \/>\n<meta property=\"og:type\" content=\"article\" \/>\n<meta property=\"og:title\" content=\"Blog rund um das Thema Trennung - Dr. Annette Oschmann\" \/>\n<meta property=\"og:description\" content=\"Blog zu Themen, die in einer und rund um eine Trennung eine Rolle spielen, \u00fcber Bed\u00fcrfnisse, Werte und Gef\u00fchle. Lese Annettes Beitr\u00e4ge, die zum Nachdenken und Auftanken anregen!\" \/>\n<meta property=\"og:url\" content=\"https:\/\/www.annette-oschmann.de\/en\/blog\/\" \/>\n<meta property=\"og:site_name\" content=\"Dr. Annette Oschmann\" \/>\n<meta property=\"article:modified_time\" content=\"2018-05-29T10:27:19+00:00\" \/>\n<meta property=\"og:image\" content=\"https:\/\/www.annette-oschmann.de\/wp-content\/uploads\/2021\/01\/annette-oschmann-1.png\" \/>\n\t<meta property=\"og:image:width\" content=\"1200\" \/>\n\t<meta property=\"og:image:height\" content=\"630\" \/>\n\t<meta property=\"og:image:type\" content=\"image\/png\" \/>\n<meta name=\"twitter:card\" content=\"summary_large_image\" \/>\n<meta name=\"twitter:label1\" content=\"Est. reading time\" \/>\n\t<meta name=\"twitter:data1\" content=\"1 minute\" \/>\n<script type=\"application\/ld+json\" class=\"yoast-schema-graph\">{\"@context\":\"https:\\\/\\\/schema.org\",\"@graph\":[{\"@type\":\"WebPage\",\"@id\":\"https:\\\/\\\/www.annette-oschmann.de\\\/en\\\/blog\\\/\",\"url\":\"https:\\\/\\\/www.annette-oschmann.de\\\/en\\\/blog\\\/\",\"name\":\"Blog rund um das Thema Trennung - Dr. Annette Oschmann\",\"isPartOf\":{\"@id\":\"https:\\\/\\\/www.annette-oschmann.de\\\/en\\\/#website\"},\"datePublished\":\"2018-05-29T05:30:19+00:00\",\"dateModified\":\"2018-05-29T10:27:19+00:00\",\"description\":\"Blog zu Themen, die in einer und rund um eine Trennung eine Rolle spielen, \u00fcber Bed\u00fcrfnisse, Werte und Gef\u00fchle. Lese Annettes Beitr\u00e4ge, die zum Nachdenken und Auftanken anregen!\",\"breadcrumb\":{\"@id\":\"https:\\\/\\\/www.annette-oschmann.de\\\/en\\\/blog\\\/#breadcrumb\"},\"inLanguage\":\"en-US\",\"potentialAction\":[{\"@type\":\"ReadAction\",\"target\":[\"https:\\\/\\\/www.annette-oschmann.de\\\/en\\\/blog\\\/\"]}]},{\"@type\":\"BreadcrumbList\",\"@id\":\"https:\\\/\\\/www.annette-oschmann.de\\\/en\\\/blog\\\/#breadcrumb\",\"itemListElement\":[{\"@type\":\"ListItem\",\"position\":1,\"name\":\"Startseite\",\"item\":\"https:\\\/\\\/www.annette-oschmann.de\\\/en\\\/\"},{\"@type\":\"ListItem\",\"position\":2,\"name\":\"Blog\"}]},{\"@type\":\"WebSite\",\"@id\":\"https:\\\/\\\/www.annette-oschmann.de\\\/en\\\/#website\",\"url\":\"https:\\\/\\\/www.annette-oschmann.de\\\/en\\\/\",\"name\":\"Dr. Annette Oschmann\",\"description\":\"Mediatorin und Coach \u2013 conscious uncoupling\",\"publisher\":{\"@id\":\"https:\\\/\\\/www.annette-oschmann.de\\\/en\\\/#organization\"},\"potentialAction\":[{\"@type\":\"SearchAction\",\"target\":{\"@type\":\"EntryPoint\",\"urlTemplate\":\"https:\\\/\\\/www.annette-oschmann.de\\\/en\\\/?s={search_term_string}\"},\"query-input\":{\"@type\":\"PropertyValueSpecification\",\"valueRequired\":true,\"valueName\":\"search_term_string\"}}],\"inLanguage\":\"en-US\"},{\"@type\":\"Organization\",\"@id\":\"https:\\\/\\\/www.annette-oschmann.de\\\/en\\\/#organization\",\"name\":\"Dr. Annette Oschmann - Trennungscoach f\u00fcr Conscious Uncoupling & Mediatorin\",\"url\":\"https:\\\/\\\/www.annette-oschmann.de\\\/en\\\/\",\"logo\":{\"@type\":\"ImageObject\",\"inLanguage\":\"en-US\",\"@id\":\"https:\\\/\\\/www.annette-oschmann.de\\\/en\\\/#\\\/schema\\\/logo\\\/image\\\/\",\"url\":\"https:\\\/\\\/www.annette-oschmann.de\\\/wp-content\\\/uploads\\\/2018\\\/02\\\/Logo_Anntte_Oschmann_300px_180221.png\",\"contentUrl\":\"https:\\\/\\\/www.annette-oschmann.de\\\/wp-content\\\/uploads\\\/2018\\\/02\\\/Logo_Anntte_Oschmann_300px_180221.png\",\"width\":300,\"height\":192,\"caption\":\"Dr. Annette Oschmann - Trennungscoach f\u00fcr Conscious Uncoupling & Mediatorin\"},\"image\":{\"@id\":\"https:\\\/\\\/www.annette-oschmann.de\\\/en\\\/#\\\/schema\\\/logo\\\/image\\\/\"}}]}<\/script>\n<!-- \/ Yoast SEO plugin. -->","yoast_head_json":{"title":"Blog rund um das Thema Trennung - Dr. Annette Oschmann","description":"Blog zu Themen, die in einer und rund um eine Trennung eine Rolle spielen, \u00fcber Bed\u00fcrfnisse, Werte und Gef\u00fchle. Lese Annettes Beitr\u00e4ge, die zum Nachdenken und Auftanken anregen!","robots":{"index":"index","follow":"follow","max-snippet":"max-snippet:-1","max-image-preview":"max-image-preview:large","max-video-preview":"max-video-preview:-1"},"canonical":"https:\/\/www.annette-oschmann.de\/en\/blog\/","og_locale":"en_US","og_type":"article","og_title":"Blog rund um das Thema Trennung - Dr. Annette Oschmann","og_description":"Blog zu Themen, die in einer und rund um eine Trennung eine Rolle spielen, \u00fcber Bed\u00fcrfnisse, Werte und Gef\u00fchle. Lese Annettes Beitr\u00e4ge, die zum Nachdenken und Auftanken anregen!","og_url":"https:\/\/www.annette-oschmann.de\/en\/blog\/","og_site_name":"Dr. Annette Oschmann","article_modified_time":"2018-05-29T10:27:19+00:00","og_image":[{"width":1200,"height":630,"url":"https:\/\/www.annette-oschmann.de\/wp-content\/uploads\/2021\/01\/annette-oschmann-1.png","type":"image\/png"}],"twitter_card":"summary_large_image","twitter_misc":{"Est. reading time":"1 minute"},"schema":{"@context":"https:\/\/schema.org","@graph":[{"@type":"WebPage","@id":"https:\/\/www.annette-oschmann.de\/en\/blog\/","url":"https:\/\/www.annette-oschmann.de\/en\/blog\/","name":"Blog rund um das Thema Trennung - Dr. Annette Oschmann","isPartOf":{"@id":"https:\/\/www.annette-oschmann.de\/en\/#website"},"datePublished":"2018-05-29T05:30:19+00:00","dateModified":"2018-05-29T10:27:19+00:00","description":"Blog zu Themen, die in einer und rund um eine Trennung eine Rolle spielen, \u00fcber Bed\u00fcrfnisse, Werte und Gef\u00fchle. Lese Annettes Beitr\u00e4ge, die zum Nachdenken und Auftanken anregen!","breadcrumb":{"@id":"https:\/\/www.annette-oschmann.de\/en\/blog\/#breadcrumb"},"inLanguage":"en-US","potentialAction":[{"@type":"ReadAction","target":["https:\/\/www.annette-oschmann.de\/en\/blog\/"]}]},{"@type":"BreadcrumbList","@id":"https:\/\/www.annette-oschmann.de\/en\/blog\/#breadcrumb","itemListElement":[{"@type":"ListItem","position":1,"name":"Startseite","item":"https:\/\/www.annette-oschmann.de\/en\/"},{"@type":"ListItem","position":2,"name":"Blog"}]},{"@type":"WebSite","@id":"https:\/\/www.annette-oschmann.de\/en\/#website","url":"https:\/\/www.annette-oschmann.de\/en\/","name":"Dr. Annette Oschmann","description":"Mediatorin und Coach \u2013 conscious uncoupling","publisher":{"@id":"https:\/\/www.annette-oschmann.de\/en\/#organization"},"potentialAction":[{"@type":"SearchAction","target":{"@type":"EntryPoint","urlTemplate":"https:\/\/www.annette-oschmann.de\/en\/?s={search_term_string}"},"query-input":{"@type":"PropertyValueSpecification","valueRequired":true,"valueName":"search_term_string"}}],"inLanguage":"en-US"},{"@type":"Organization","@id":"https:\/\/www.annette-oschmann.de\/en\/#organization","name":"Dr. Annette Oschmann - Trennungscoach f\u00fcr Conscious Uncoupling & Mediatorin","url":"https:\/\/www.annette-oschmann.de\/en\/","logo":{"@type":"ImageObject","inLanguage":"en-US","@id":"https:\/\/www.annette-oschmann.de\/en\/#\/schema\/logo\/image\/","url":"https:\/\/www.annette-oschmann.de\/wp-content\/uploads\/2018\/02\/Logo_Anntte_Oschmann_300px_180221.png","contentUrl":"https:\/\/www.annette-oschmann.de\/wp-content\/uploads\/2018\/02\/Logo_Anntte_Oschmann_300px_180221.png","width":300,"height":192,"caption":"Dr. Annette Oschmann - Trennungscoach f\u00fcr Conscious Uncoupling & Mediatorin"},"image":{"@id":"https:\/\/www.annette-oschmann.de\/en\/#\/schema\/logo\/image\/"}}]}},"_links":{"self":[{"href":"https:\/\/www.annette-oschmann.de\/en\/wp-json\/wp\/v2\/pages\/1557","targetHints":{"allow":["GET"]}}],"collection":[{"href":"https:\/\/www.annette-oschmann.de\/en\/wp-json\/wp\/v2\/pages"}],"about":[{"href":"https:\/\/www.annette-oschmann.de\/en\/wp-json\/wp\/v2\/types\/page"}],"author":[{"embeddable":true,"href":"https:\/\/www.annette-oschmann.de\/en\/wp-json\/wp\/v2\/users\/2"}],"replies":[{"embeddable":true,"href":"https:\/\/www.annette-oschmann.de\/en\/wp-json\/wp\/v2\/comments?post=1557"}],"version-history":[{"count":5,"href":"https:\/\/www.annette-oschmann.de\/en\/wp-json\/wp\/v2\/pages\/1557\/revisions"}],"predecessor-version":[{"id":1618,"href":"https:\/\/www.annette-oschmann.de\/en\/wp-json\/wp\/v2\/pages\/1557\/revisions\/1618"}],"wp:attachment":[{"href":"https:\/\/www.annette-oschmann.de\/en\/wp-json\/wp\/v2\/media?parent=1557"}],"curies":[{"name":"wp","href":"https:\/\/api.w.org\/{rel}","templated":true}]}}